{"id":855,"date":"2024-04-16T16:56:28","date_gmt":"2024-04-16T16:56:28","guid":{"rendered":"https:\/\/lla.hr\/naslovnica\/"},"modified":"2024-06-11T11:57:46","modified_gmt":"2024-06-11T11:57:46","slug":"naslovnica","status":"publish","type":"page","link":"https:\/\/lla.hr\/hr\/","title":{"rendered":"Naslovnica"},"content":{"rendered":"\t\t<div data-elementor-type=\"wp-page\" data-elementor-id=\"855\" class=\"elementor elementor-855 elementor-74\" data-elementor-post-type=\"page\">\n\t\t\t\t<div class=\"elementor-element elementor-element-266e098 e-con-full e-flex e-con e-parent\" data-id=\"266e098\" data-element_type=\"container\" data-settings=\"{&quot;background_background&quot;:&quot;video&quot;,&quot;background_video_link&quot;:&quot;https:\\\/\\\/lla.hr\\\/wp-content\\\/uploads\\\/2024\\\/05\\\/c79f-4918-b861-f3291882579a.mp4&quot;,&quot;background_play_on_mobile&quot;:&quot;yes&quot;}\">\n\t\t<div class=\"elementor-background-video-container\">\n\t\t\t\t\t\t\t<video class=\"elementor-background-video-hosted elementor-html5-video\" autoplay muted playsinline loop><\/video>\n\t\t\t\t\t<\/div>\t\t<div class=\"elementor-element elementor-element-5a8768a elementor-widget elementor-widget-spacer\" data-id=\"5a8768a\" data-element_type=\"widget\" data-widget_type=\"spacer.default\">\n\t\t\t\t<div class=\"elementor-widget-container\">\n\t\t\t\t\t<div class=\"elementor-spacer\">\n\t\t\t<div class=\"elementor-spacer-inner\"><\/div>\n\t\t<\/div>\n\t\t\t\t<\/div>\n\t\t\t\t<\/div>\n\t\t<div class=\"elementor-element elementor-element-6fde16f6 e-con-full e-flex elementor-invisible e-con e-child\" data-id=\"6fde16f6\" data-element_type=\"container\" data-settings=\"{&quot;animation&quot;:&quot;fadeIn&quot;,&quot;animation_delay&quot;:1500}\">\n\t\t\t\t<div class=\"elementor-element elementor-element-72eb22a elementor-widget elementor-widget-heading\" data-id=\"72eb22a\" data-element_type=\"widget\" data-widget_type=\"heading.default\">\n\t\t\t\t<div class=\"elementor-widget-container\">\n\t\t\t<h2 class=\"elementor-heading-title elementor-size-default\">Lara Ljubi\u010di\u0107<br>\n<span>odvjetni\u010dki ured<\/span><\/h2>\t\t<\/div>\n\t\t\t\t<\/div>\n\t\t\t\t<\/div>\n\t\t<div class=\"elementor-element elementor-element-6034041 e-flex e-con-boxed elementor-invisible e-con e-child\" data-id=\"6034041\" data-element_type=\"container\" data-settings=\"{&quot;animation&quot;:&quot;fadeIn&quot;,&quot;animation_delay&quot;:1500}\">\n\t\t\t\t\t<div class=\"e-con-inner\">\n\t\t\t\t<div class=\"elementor-element elementor-element-9d63107 elementor-widget elementor-widget-text-editor\" data-id=\"9d63107\" data-element_type=\"widget\" data-widget_type=\"text-editor.default\">\n\t\t\t\t<div class=\"elementor-widget-container\">\n\t\t\t\t\t\t\t<p>Sveobuhvatne usluge u pravu industrijskog &amp; intelektualnog vlasni\u0161tva, trgova\u010dkom &amp; pravu trgova\u010dkih dru\u0161tava.<\/p>\n\t\t\t\t\t\t<\/div>\n\t\t\t\t<\/div>\n\t\t\t\t<div class=\"elementor-element elementor-element-549a859 elementor-align-center elementor-widget elementor-widget-button\" data-id=\"549a859\" data-element_type=\"widget\" data-widget_type=\"button.default\">\n\t\t\t\t<div class=\"elementor-widget-container\">\n\t\t\t\t\t<div class=\"elementor-button-wrapper\">\n\t\t\t<a class=\"elementor-button elementor-button-link elementor-size-sm\" href=\"https:\/\/lla.hr\/hr\/kontakt\/\">\n\t\t\t\t\t\t<span class=\"elementor-button-content-wrapper\">\n\t\t\t\t\t\t\t\t\t<span class=\"elementor-button-text\">Kontakt<\/span>\n\t\t\t\t\t<\/span>\n\t\t\t\t\t<\/a>\n\t\t<\/div>\n\t\t\t\t<\/div>\n\t\t\t\t<\/div>\n\t\t\t\t\t<\/div>\n\t\t\t\t<\/div>\n\t\t\t\t<\/div>\n\t\t\t\t<\/div>\n\t\t","protected":false},"excerpt":{"rendered":"<p>Lara Ljubi\u010di\u0107 odvjetni\u010dki ured Sveobuhvatne usluge u pravu industrijskog &amp; intelektualnog vlasni\u0161tva, trgova\u010dkom &amp; pravu trgova\u010dkih dru\u0161tava. Kontakt<\/p>\n","protected":false},"author":1,"featured_media":0,"parent":0,"menu_order":0,"comment_status":"closed","ping_status":"closed","template":"elementor_header_footer","meta":{"footnotes":""},"class_list":["post-855","page","type-page","status-publish","hentry"],"yoast_head":"<!-- This site is optimized with the Yoast SEO plugin v23.4 - https:\/\/yoast.com\/wordpress\/plugins\/seo\/ -->\n<title>Naslovnica - Lara Ljubicic Attorney<\/title>\n<meta name=\"robots\" content=\"index, follow, max-snippet:-1, max-image-preview:large, max-video-preview:-1\" \/>\n<link rel=\"canonical\" href=\"https:\/\/lla.hr\/hr\/\" \/>\n<meta property=\"og:locale\" content=\"hr_HR\" \/>\n<meta property=\"og:type\" content=\"article\" \/>\n<meta property=\"og:title\" content=\"Naslovnica - Lara Ljubicic Attorney\" \/>\n<meta property=\"og:description\" content=\"Lara Ljubi\u010di\u0107 odvjetni\u010dki ured Sveobuhvatne usluge u pravu industrijskog &amp; intelektualnog vlasni\u0161tva, trgova\u010dkom &amp; pravu trgova\u010dkih dru\u0161tava. Kontakt\" \/>\n<meta property=\"og:url\" content=\"https:\/\/lla.hr\/hr\/\" \/>\n<meta property=\"og:site_name\" content=\"Lara Ljubicic Attorney\" \/>\n<meta property=\"article:modified_time\" content=\"2024-06-11T11:57:46+00:00\" \/>\n<meta name=\"twitter:card\" content=\"summary_large_image\" \/>\n<script type=\"application\/ld+json\" class=\"yoast-schema-graph\">{\"@context\":\"https:\/\/schema.org\",\"@graph\":[{\"@type\":\"WebPage\",\"@id\":\"https:\/\/lla.hr\/hr\/\",\"url\":\"https:\/\/lla.hr\/hr\/\",\"name\":\"Naslovnica - Lara Ljubicic Attorney\",\"isPartOf\":{\"@id\":\"https:\/\/lla.hr\/hr\/#website\"},\"datePublished\":\"2024-04-16T16:56:28+00:00\",\"dateModified\":\"2024-06-11T11:57:46+00:00\",\"breadcrumb\":{\"@id\":\"https:\/\/lla.hr\/hr\/#breadcrumb\"},\"inLanguage\":\"hr\",\"potentialAction\":[{\"@type\":\"ReadAction\",\"target\":[\"https:\/\/lla.hr\/hr\/\"]}]},{\"@type\":\"BreadcrumbList\",\"@id\":\"https:\/\/lla.hr\/hr\/#breadcrumb\",\"itemListElement\":[{\"@type\":\"ListItem\",\"position\":1,\"name\":\"Home\",\"item\":\"https:\/\/lla.hr\/hr\/naslovnica\/\"},{\"@type\":\"ListItem\",\"position\":2,\"name\":\"Naslovnica\"}]},{\"@type\":\"WebSite\",\"@id\":\"https:\/\/lla.hr\/hr\/#website\",\"url\":\"https:\/\/lla.hr\/hr\/\",\"name\":\"Lara Ljubicic Attorney\",\"description\":\"\",\"publisher\":{\"@id\":\"https:\/\/lla.hr\/hr\/#organization\"},\"potentialAction\":[{\"@type\":\"SearchAction\",\"target\":{\"@type\":\"EntryPoint\",\"urlTemplate\":\"https:\/\/lla.hr\/hr\/?s={search_term_string}\"},\"query-input\":{\"@type\":\"PropertyValueSpecification\",\"valueRequired\":true,\"valueName\":\"search_term_string\"}}],\"inLanguage\":\"hr\"},{\"@type\":\"Organization\",\"@id\":\"https:\/\/lla.hr\/hr\/#organization\",\"name\":\"Lara Ljubicic Attorney\",\"url\":\"https:\/\/lla.hr\/hr\/\",\"logo\":{\"@type\":\"ImageObject\",\"inLanguage\":\"hr\",\"@id\":\"https:\/\/lla.hr\/hr\/#\/schema\/logo\/image\/\",\"url\":\"https:\/\/lla.hr\/wp-content\/uploads\/2024\/04\/Color-logo-with-background.svg\",\"contentUrl\":\"https:\/\/lla.hr\/wp-content\/uploads\/2024\/04\/Color-logo-with-background.svg\",\"width\":2910,\"height\":3342,\"caption\":\"Lara Ljubicic Attorney\"},\"image\":{\"@id\":\"https:\/\/lla.hr\/hr\/#\/schema\/logo\/image\/\"}}]}<\/script>\n<!-- \/ Yoast SEO plugin. -->","yoast_head_json":{"title":"Naslovnica - Lara Ljubicic Attorney","robots":{"index":"index","follow":"follow","max-snippet":"max-snippet:-1","max-image-preview":"max-image-preview:large","max-video-preview":"max-video-preview:-1"},"canonical":"https:\/\/lla.hr\/hr\/","og_locale":"hr_HR","og_type":"article","og_title":"Naslovnica - Lara Ljubicic Attorney","og_description":"Lara Ljubi\u010di\u0107 odvjetni\u010dki ured Sveobuhvatne usluge u pravu industrijskog &amp; intelektualnog vlasni\u0161tva, trgova\u010dkom &amp; pravu trgova\u010dkih dru\u0161tava. Kontakt","og_url":"https:\/\/lla.hr\/hr\/","og_site_name":"Lara Ljubicic Attorney","article_modified_time":"2024-06-11T11:57:46+00:00","twitter_card":"summary_large_image","schema":{"@context":"https:\/\/schema.org","@graph":[{"@type":"WebPage","@id":"https:\/\/lla.hr\/hr\/","url":"https:\/\/lla.hr\/hr\/","name":"Naslovnica - Lara Ljubicic Attorney","isPartOf":{"@id":"https:\/\/lla.hr\/hr\/#website"},"datePublished":"2024-04-16T16:56:28+00:00","dateModified":"2024-06-11T11:57:46+00:00","breadcrumb":{"@id":"https:\/\/lla.hr\/hr\/#breadcrumb"},"inLanguage":"hr","potentialAction":[{"@type":"ReadAction","target":["https:\/\/lla.hr\/hr\/"]}]},{"@type":"BreadcrumbList","@id":"https:\/\/lla.hr\/hr\/#breadcrumb","itemListElement":[{"@type":"ListItem","position":1,"name":"Home","item":"https:\/\/lla.hr\/hr\/naslovnica\/"},{"@type":"ListItem","position":2,"name":"Naslovnica"}]},{"@type":"WebSite","@id":"https:\/\/lla.hr\/hr\/#website","url":"https:\/\/lla.hr\/hr\/","name":"Lara Ljubicic Attorney","description":"","publisher":{"@id":"https:\/\/lla.hr\/hr\/#organization"},"potentialAction":[{"@type":"SearchAction","target":{"@type":"EntryPoint","urlTemplate":"https:\/\/lla.hr\/hr\/?s={search_term_string}"},"query-input":{"@type":"PropertyValueSpecification","valueRequired":true,"valueName":"search_term_string"}}],"inLanguage":"hr"},{"@type":"Organization","@id":"https:\/\/lla.hr\/hr\/#organization","name":"Lara Ljubicic Attorney","url":"https:\/\/lla.hr\/hr\/","logo":{"@type":"ImageObject","inLanguage":"hr","@id":"https:\/\/lla.hr\/hr\/#\/schema\/logo\/image\/","url":"https:\/\/lla.hr\/wp-content\/uploads\/2024\/04\/Color-logo-with-background.svg","contentUrl":"https:\/\/lla.hr\/wp-content\/uploads\/2024\/04\/Color-logo-with-background.svg","width":2910,"height":3342,"caption":"Lara Ljubicic Attorney"},"image":{"@id":"https:\/\/lla.hr\/hr\/#\/schema\/logo\/image\/"}}]}},"_links":{"self":[{"href":"https:\/\/lla.hr\/hr\/wp-json\/wp\/v2\/pages\/855"}],"collection":[{"href":"https:\/\/lla.hr\/hr\/wp-json\/wp\/v2\/pages"}],"about":[{"href":"https:\/\/lla.hr\/hr\/wp-json\/wp\/v2\/types\/page"}],"author":[{"embeddable":true,"href":"https:\/\/lla.hr\/hr\/wp-json\/wp\/v2\/users\/1"}],"replies":[{"embeddable":true,"href":"https:\/\/lla.hr\/hr\/wp-json\/wp\/v2\/comments?post=855"}],"version-history":[{"count":18,"href":"https:\/\/lla.hr\/hr\/wp-json\/wp\/v2\/pages\/855\/revisions"}],"predecessor-version":[{"id":1175,"href":"https:\/\/lla.hr\/hr\/wp-json\/wp\/v2\/pages\/855\/revisions\/1175"}],"wp:attachment":[{"href":"https:\/\/lla.hr\/hr\/wp-json\/wp\/v2\/media?parent=855"}],"curies":[{"name":"wp","href":"https:\/\/api.w.org\/{rel}","templated":true}]}}