{"id":851,"date":"2024-04-19T08:52:08","date_gmt":"2024-04-19T08:52:08","guid":{"rendered":"https:\/\/lla.hr\/o-nama\/"},"modified":"2024-06-11T12:02:57","modified_gmt":"2024-06-11T12:02:57","slug":"o-nama","status":"publish","type":"page","link":"https:\/\/lla.hr\/hr\/o-nama\/","title":{"rendered":"Lara Ljubi\u010di\u0107"},"content":{"rendered":"\t\t<div data-elementor-type=\"wp-page\" data-elementor-id=\"851\" class=\"elementor elementor-851 elementor-152\" data-elementor-post-type=\"page\">\n\t\t\t\t<div class=\"elementor-element elementor-element-3a2bccb2 e-con-full e-flex e-con e-parent\" data-id=\"3a2bccb2\" data-element_type=\"container\" data-settings=\"{&quot;background_background&quot;:&quot;classic&quot;}\">\n\t\t<div class=\"elementor-element elementor-element-751d40fd e-flex e-con-boxed elementor-invisible e-con e-child\" data-id=\"751d40fd\" data-element_type=\"container\" data-settings=\"{&quot;animation&quot;:&quot;fadeInRight&quot;}\">\n\t\t\t\t\t<div class=\"e-con-inner\">\n\t\t\t\t<div class=\"elementor-element elementor-element-7960892f elementor-widget elementor-widget-heading\" data-id=\"7960892f\" data-element_type=\"widget\" data-widget_type=\"heading.default\">\n\t\t\t\t<div class=\"elementor-widget-container\">\n\t\t\t<h2 class=\"elementor-heading-title elementor-size-default\">Lara Ljubi\u010di\u0107<\/h2>\t\t<\/div>\n\t\t\t\t<\/div>\n\t\t\t\t\t<\/div>\n\t\t\t\t<\/div>\n\t\t\t\t<\/div>\n\t\t<div class=\"elementor-element elementor-element-24c823d9 e-flex e-con-boxed e-con e-parent\" data-id=\"24c823d9\" data-element_type=\"container\" data-settings=\"{&quot;background_background&quot;:&quot;classic&quot;}\">\n\t\t\t\t\t<div class=\"e-con-inner\">\n\t\t<div class=\"elementor-element elementor-element-586a22c6 e-con-full e-flex elementor-invisible e-con e-child\" data-id=\"586a22c6\" data-element_type=\"container\" data-settings=\"{&quot;animation&quot;:&quot;fadeInLeft&quot;}\">\n\t\t<div class=\"elementor-element elementor-element-2deff41d e-con-full e-flex e-con e-child\" data-id=\"2deff41d\" data-element_type=\"container\">\n\t\t\t\t<div class=\"elementor-element elementor-element-fa35c9e elementor-widget elementor-widget-heading\" data-id=\"fa35c9e\" data-element_type=\"widget\" data-widget_type=\"heading.default\">\n\t\t\t\t<div class=\"elementor-widget-container\">\n\t\t\t<h2 class=\"elementor-heading-title elementor-size-default\">Sveobuhvatne usluge u pravu industrijskog &amp; intelektualnog vlasni\u0161tva, trgova\u010dkom &amp; pravu trgova\u010dkih dru\u0161tava.<\/h2>\t\t<\/div>\n\t\t\t\t<\/div>\n\t\t\t\t<div class=\"elementor-element elementor-element-8f5df80 elementor-widget-mobile__width-inherit elementor-widget elementor-widget-text-editor\" data-id=\"8f5df80\" data-element_type=\"widget\" data-widget_type=\"text-editor.default\">\n\t\t\t\t<div class=\"elementor-widget-container\">\n\t\t\t\t\t\t\t<p>S vi\u0161e od 11 godina iskustva u savjetovanju velikih hrvatskih i me\u0111unarodnih tvrtki u razli\u010ditim industrijama, Lara Ljubi\u010di\u0107 svojim klijentima nudi u\u010dinkovita pravna rje\u0161enja za rje\u0161avanje poslovnih problema i podr\u0161ku njihovim poslovnim ciljevima.<br \/>Usluge Lara Ljubi\u010di\u0107 odvjetni\u010dkog ureda pokrivaju pitanja intelektualnog vlasni\u0161tva, pitanja privatnosti podataka, trgova\u010dko pravo i pravo dru\u0161tava.<br \/>Lara koristi personalizirani pristup svakom slu\u010daju. Ona vrlo blisko sura\u0111uje sa svojim klijentima, razumije njihove poslovne potrebe i predla\u017ee prilago\u0111ena rje\u0161enja klijentima osiguravaju\u0107i pravilno pra\u0107enje svakog slu\u010daja. Lara ima bogato iskustvo u savjetovanju malih i srednjih poduze\u0107a, kao i Start-up tvrtki u procesu njihovog osnivanja, plasmana proizvoda i usluga na tr\u017ei\u0161te i \u0161irenja.  <\/p>\n<p>Lara ima bogato iskustvo u pra\u0107enju me\u0111unarodnih poslovnih projekata kao vanjski pravni savjetnik tvrtke za tr\u017ei\u0161te Republike Hrvatske i EU. Kao vanjski savjetnik za svoje klijente Lara je odgovorna osoba za sva pravna pitanja unutar Dru\u0161tva. <\/p>\n<\/p>\n<p><strong style=\"color: #c7a05b; font-family: 'Literata';\">Kratka biografija<\/strong><\/p>\n<p>Lara Ljubi\u010di\u0107 stekla je titulu mag. Iur. nakon zavr\u0161avanja Pravnog Fakulteta Sveu\u010dili\u0161ta u Zagrebu (2012.). Polo\u017eila je pravosudni ispit (2015.). \u010clanica je Hrvatske odvjetni\u010dke komore od 2019. i zastupnica za \u017eigove i industrijski dizajn ispred EUIPO-a. Uz to, Lara je zastupnica za \u017eigove i industrijski dizajna pred Dr\u017eavnim zavodom za intelektualno vlasni\u0161tvo Republike Hrvatske (2019.), obavljaju\u0107i odvjetni\u010dku praksu stru\u010dno i predano.   <\/p>\n\t\t\t\t\t\t<\/div>\n\t\t\t\t<\/div>\n\t\t\t\t<div class=\"elementor-element elementor-element-3dcc9d0 elementor-widget elementor-widget-heading\" data-id=\"3dcc9d0\" data-element_type=\"widget\" data-widget_type=\"heading.default\">\n\t\t\t\t<div class=\"elementor-widget-container\">\n\t\t\t<h2 class=\"elementor-heading-title elementor-size-default\">Unutar International Trademark Organization sa sjedi\u0161tem u New Yorku, Lara obavlja sljede\u0107e funkcije:<\/h2>\t\t<\/div>\n\t\t\t\t<\/div>\n\t\t\t\t<div class=\"elementor-element elementor-element-6b480c7d elementor-align-left elementor-icon-list--layout-traditional elementor-list-item-link-full_width elementor-widget elementor-widget-icon-list\" data-id=\"6b480c7d\" data-element_type=\"widget\" data-widget_type=\"icon-list.default\">\n\t\t\t\t<div class=\"elementor-widget-container\">\n\t\t\t\t\t<ul class=\"elementor-icon-list-items\">\n\t\t\t\t\t\t\t<li class=\"elementor-icon-list-item\">\n\t\t\t\t\t\t\t\t\t\t\t<span class=\"elementor-icon-list-icon\">\n\t\t\t\t\t\t\t<svg aria-hidden=\"true\" class=\"e-font-icon-svg e-far-check-circle\" viewBox=\"0 0 512 512\" xmlns=\"http:\/\/www.w3.org\/2000\/svg\"><path d=\"M256 8C119.033 8 8 119.033 8 256s111.033 248 248 248 248-111.033 248-248S392.967 8 256 8zm0 48c110.532 0 200 89.451 200 200 0 110.532-89.451 200-200 200-110.532 0-200-89.451-200-200 0-110.532 89.451-200 200-200m140.204 130.267l-22.536-22.718c-4.667-4.705-12.265-4.736-16.97-.068L215.346 303.697l-59.792-60.277c-4.667-4.705-12.265-4.736-16.97-.069l-22.719 22.536c-4.705 4.667-4.736 12.265-.068 16.971l90.781 91.516c4.667 4.705 12.265 4.736 16.97.068l172.589-171.204c4.704-4.668 4.734-12.266.067-16.971z\"><\/path><\/svg>\t\t\t\t\t\t<\/span>\n\t\t\t\t\t\t\t\t\t\t<span class=\"elementor-icon-list-text\">\u010dlan Young Professional Advisory Group (mandat 2022.-2023.) <\/span>\n\t\t\t\t\t\t\t\t\t<\/li>\n\t\t\t\t\t\t\t\t<li class=\"elementor-icon-list-item\">\n\t\t\t\t\t\t\t\t\t\t\t<span class=\"elementor-icon-list-icon\">\n\t\t\t\t\t\t\t<svg aria-hidden=\"true\" class=\"e-font-icon-svg e-far-check-circle\" viewBox=\"0 0 512 512\" xmlns=\"http:\/\/www.w3.org\/2000\/svg\"><path d=\"M256 8C119.033 8 8 119.033 8 256s111.033 248 248 248 248-111.033 248-248S392.967 8 256 8zm0 48c110.532 0 200 89.451 200 200 0 110.532-89.451 200-200 200-110.532 0-200-89.451-200-200 0-110.532 89.451-200 200-200m140.204 130.267l-22.536-22.718c-4.667-4.705-12.265-4.736-16.97-.068L215.346 303.697l-59.792-60.277c-4.667-4.705-12.265-4.736-16.97-.069l-22.719 22.536c-4.705 4.667-4.736 12.265-.068 16.971l90.781 91.516c4.667 4.705 12.265 4.736 16.97.068l172.589-171.204c4.704-4.668 4.734-12.266.067-16.971z\"><\/path><\/svg>\t\t\t\t\t\t<\/span>\n\t\t\t\t\t\t\t\t\t\t<span class=\"elementor-icon-list-text\">\u010dlanica Woman LeadershIP Initiative (2023.- present)<\/span>\n\t\t\t\t\t\t\t\t\t<\/li>\n\t\t\t\t\t\t\t\t<li class=\"elementor-icon-list-item\">\n\t\t\t\t\t\t\t\t\t\t\t<span class=\"elementor-icon-list-icon\">\n\t\t\t\t\t\t\t<svg aria-hidden=\"true\" class=\"e-font-icon-svg e-far-check-circle\" viewBox=\"0 0 512 512\" xmlns=\"http:\/\/www.w3.org\/2000\/svg\"><path d=\"M256 8C119.033 8 8 119.033 8 256s111.033 248 248 248 248-111.033 248-248S392.967 8 256 8zm0 48c110.532 0 200 89.451 200 200 0 110.532-89.451 200-200 200-110.532 0-200-89.451-200-200 0-110.532 89.451-200 200-200m140.204 130.267l-22.536-22.718c-4.667-4.705-12.265-4.736-16.97-.068L215.346 303.697l-59.792-60.277c-4.667-4.705-12.265-4.736-16.97-.069l-22.719 22.536c-4.705 4.667-4.736 12.265-.068 16.971l90.781 91.516c4.667 4.705 12.265 4.736 16.97.068l172.589-171.204c4.704-4.668 4.734-12.266.067-16.971z\"><\/path><\/svg>\t\t\t\t\t\t<\/span>\n\t\t\t\t\t\t\t\t\t\t<span class=\"elementor-icon-list-text\">Sudac na INTA Open Innovation Challenge u Singapuru (svibanj 2023.) <\/span>\n\t\t\t\t\t\t\t\t\t<\/li>\n\t\t\t\t\t\t\t\t<li class=\"elementor-icon-list-item\">\n\t\t\t\t\t\t\t\t\t\t\t<span class=\"elementor-icon-list-icon\">\n\t\t\t\t\t\t\t<svg aria-hidden=\"true\" class=\"e-font-icon-svg e-far-check-circle\" viewBox=\"0 0 512 512\" xmlns=\"http:\/\/www.w3.org\/2000\/svg\"><path d=\"M256 8C119.033 8 8 119.033 8 256s111.033 248 248 248 248-111.033 248-248S392.967 8 256 8zm0 48c110.532 0 200 89.451 200 200 0 110.532-89.451 200-200 200-110.532 0-200-89.451-200-200 0-110.532 89.451-200 200-200m140.204 130.267l-22.536-22.718c-4.667-4.705-12.265-4.736-16.97-.068L215.346 303.697l-59.792-60.277c-4.667-4.705-12.265-4.736-16.97-.069l-22.719 22.536c-4.705 4.667-4.736 12.265-.068 16.971l90.781 91.516c4.667 4.705 12.265 4.736 16.97.068l172.589-171.204c4.704-4.668 4.734-12.266.067-16.971z\"><\/path><\/svg>\t\t\t\t\t\t<\/span>\n\t\t\t\t\t\t\t\t\t\t<span class=\"elementor-icon-list-text\">\u010dlan Savjetodavnog vije\u0107a INTA za istra\u017eivanje (2023.- present)<\/span>\n\t\t\t\t\t\t\t\t\t<\/li>\n\t\t\t\t\t\t\t\t<li class=\"elementor-icon-list-item\">\n\t\t\t\t\t\t\t\t\t\t\t<span class=\"elementor-icon-list-icon\">\n\t\t\t\t\t\t\t<svg aria-hidden=\"true\" class=\"e-font-icon-svg e-far-check-circle\" viewBox=\"0 0 512 512\" xmlns=\"http:\/\/www.w3.org\/2000\/svg\"><path d=\"M256 8C119.033 8 8 119.033 8 256s111.033 248 248 248 248-111.033 248-248S392.967 8 256 8zm0 48c110.532 0 200 89.451 200 200 0 110.532-89.451 200-200 200-110.532 0-200-89.451-200-200 0-110.532 89.451-200 200-200m140.204 130.267l-22.536-22.718c-4.667-4.705-12.265-4.736-16.97-.068L215.346 303.697l-59.792-60.277c-4.667-4.705-12.265-4.736-16.97-.069l-22.719 22.536c-4.705 4.667-4.736 12.265-.068 16.971l90.781 91.516c4.667 4.705 12.265 4.736 16.97.068l172.589-171.204c4.704-4.668 4.734-12.266.067-16.971z\"><\/path><\/svg>\t\t\t\t\t\t<\/span>\n\t\t\t\t\t\t\t\t\t\t<span class=\"elementor-icon-list-text\">\u010dlan Povjerenstva za komercijalizaciju brendova, Povjerenstva za licenciranje i fran\u0161izing (imenovan za mandat 2024.-2025.) <\/span>\n\t\t\t\t\t\t\t\t\t<\/li>\n\t\t\t\t\t\t<\/ul>\n\t\t\t\t<\/div>\n\t\t\t\t<\/div>\n\t\t\t\t<div class=\"elementor-element elementor-element-a024ad5 elementor-widget elementor-widget-heading\" data-id=\"a024ad5\" data-element_type=\"widget\" data-widget_type=\"heading.default\">\n\t\t\t\t<div class=\"elementor-widget-container\">\n\t\t\t<h2 class=\"elementor-heading-title elementor-size-default\">\u010clan APPI, INTA<\/h2>\t\t<\/div>\n\t\t\t\t<\/div>\n\t\t<div class=\"elementor-element elementor-element-658bc68 e-flex e-con-boxed e-con e-child\" data-id=\"658bc68\" data-element_type=\"container\">\n\t\t\t\t\t<div class=\"e-con-inner\">\n\t\t\t\t<div class=\"elementor-element elementor-element-5d16461 elementor-widget elementor-widget-image\" data-id=\"5d16461\" data-element_type=\"widget\" data-widget_type=\"image.default\">\n\t\t\t\t<div class=\"elementor-widget-container\">\n\t\t\t\t\t\t\t\t\t\t\t\t\t<img fetchpriority=\"high\" decoding=\"async\" width=\"512\" height=\"347\" src=\"https:\/\/lla.hr\/wp-content\/uploads\/2024\/05\/5e0b34d1c9a87c44396e29dc09142ec8.png\" class=\"attachment-large size-large wp-image-518\" alt=\"\" srcset=\"https:\/\/lla.hr\/wp-content\/uploads\/2024\/05\/5e0b34d1c9a87c44396e29dc09142ec8.png 512w, https:\/\/lla.hr\/wp-content\/uploads\/2024\/05\/5e0b34d1c9a87c44396e29dc09142ec8-300x203.png 300w\" sizes=\"(max-width: 512px) 100vw, 512px\" \/>\t\t\t\t\t\t\t\t\t\t\t\t\t<\/div>\n\t\t\t\t<\/div>\n\t\t\t\t<div class=\"elementor-element elementor-element-59767fd elementor-widget elementor-widget-image\" data-id=\"59767fd\" data-element_type=\"widget\" data-widget_type=\"image.default\">\n\t\t\t\t<div class=\"elementor-widget-container\">\n\t\t\t\t\t\t\t\t\t\t\t\t\t<img decoding=\"async\" width=\"800\" height=\"314\" src=\"https:\/\/lla.hr\/wp-content\/uploads\/2024\/05\/dd5db6caa74c0ab1d42e3eaef8122e18-1024x402.png\" class=\"attachment-large size-large wp-image-517\" alt=\"\" srcset=\"https:\/\/lla.hr\/wp-content\/uploads\/2024\/05\/dd5db6caa74c0ab1d42e3eaef8122e18-1024x402.png 1024w, https:\/\/lla.hr\/wp-content\/uploads\/2024\/05\/dd5db6caa74c0ab1d42e3eaef8122e18-300x118.png 300w, https:\/\/lla.hr\/wp-content\/uploads\/2024\/05\/dd5db6caa74c0ab1d42e3eaef8122e18-768x302.png 768w, https:\/\/lla.hr\/wp-content\/uploads\/2024\/05\/dd5db6caa74c0ab1d42e3eaef8122e18-1536x604.png 1536w, https:\/\/lla.hr\/wp-content\/uploads\/2024\/05\/dd5db6caa74c0ab1d42e3eaef8122e18.png 1799w\" sizes=\"(max-width: 800px) 100vw, 800px\" \/>\t\t\t\t\t\t\t\t\t\t\t\t\t<\/div>\n\t\t\t\t<\/div>\n\t\t\t\t\t<\/div>\n\t\t\t\t<\/div>\n\t\t\t\t<\/div>\n\t\t\t\t<\/div>\n\t\t<div class=\"elementor-element elementor-element-d9df20f e-con-full e-flex elementor-invisible e-con e-child\" data-id=\"d9df20f\" data-element_type=\"container\" data-settings=\"{&quot;animation&quot;:&quot;fadeInRight&quot;}\">\n\t\t\t\t<div class=\"elementor-element elementor-element-35c721f6 elementor-widget elementor-widget-image\" data-id=\"35c721f6\" data-element_type=\"widget\" data-widget_type=\"image.default\">\n\t\t\t\t<div class=\"elementor-widget-container\">\n\t\t\t\t\t\t\t\t\t\t\t\t\t<img decoding=\"async\" width=\"1024\" height=\"1536\" src=\"https:\/\/lla.hr\/wp-content\/uploads\/2024\/04\/lara-1024x1536.jpg\" class=\"attachment-1536x1536 size-1536x1536 wp-image-196\" alt=\"\" srcset=\"https:\/\/lla.hr\/wp-content\/uploads\/2024\/04\/lara-1024x1536.jpg 1024w, https:\/\/lla.hr\/wp-content\/uploads\/2024\/04\/lara-200x300.jpg 200w, https:\/\/lla.hr\/wp-content\/uploads\/2024\/04\/lara-683x1024.jpg 683w, https:\/\/lla.hr\/wp-content\/uploads\/2024\/04\/lara-768x1152.jpg 768w, https:\/\/lla.hr\/wp-content\/uploads\/2024\/04\/lara.jpg 1365w\" sizes=\"(max-width: 1024px) 100vw, 1024px\" \/>\t\t\t\t\t\t\t\t\t\t\t\t\t<\/div>\n\t\t\t\t<\/div>\n\t\t\t\t<\/div>\n\t\t\t\t\t<\/div>\n\t\t\t\t<\/div>\n\t\t\t\t<\/div>\n\t\t","protected":false},"excerpt":{"rendered":"<p>Sveobuhvatne usluge u pravu industrijskog &amp; intelektualnog vlasni\u0161tva, trgova\u010dkom &amp; pravu trgova\u010dkih dru\u0161tava. S vi\u0161e od 11 godina iskustva u savjetovanju velikih hrvatskih i me\u0111unarodnih tvrtki u razli\u010ditim industrijama, Lara Ljubi\u010di\u0107 svojim klijentima nudi u\u010dinkovita pravna rje\u0161enja za rje\u0161avanje poslovnih problema i podr\u0161ku njihovim poslovnim ciljevima.Usluge Lara Ljubi\u010di\u0107 odvjetni\u010dkog ureda pokrivaju pitanja intelektualnog vlasni\u0161tva, pitanja [&hellip;]<\/p>\n","protected":false},"author":1,"featured_media":0,"parent":0,"menu_order":0,"comment_status":"closed","ping_status":"closed","template":"","meta":{"footnotes":""},"class_list":["post-851","page","type-page","status-publish","hentry"],"yoast_head":"<!-- This site is optimized with the Yoast SEO plugin v23.4 - https:\/\/yoast.com\/wordpress\/plugins\/seo\/ -->\n<title>Lara Ljubi\u010di\u0107 - Lara Ljubicic Attorney<\/title>\n<meta name=\"robots\" content=\"index, follow, max-snippet:-1, max-image-preview:large, max-video-preview:-1\" \/>\n<link rel=\"canonical\" href=\"https:\/\/lla.hr\/hr\/o-nama\/\" \/>\n<meta property=\"og:locale\" content=\"hr_HR\" \/>\n<meta property=\"og:type\" content=\"article\" \/>\n<meta property=\"og:title\" content=\"Lara Ljubi\u010di\u0107 - Lara Ljubicic Attorney\" \/>\n<meta property=\"og:description\" content=\"Sveobuhvatne usluge u pravu industrijskog &amp; intelektualnog vlasni\u0161tva, trgova\u010dkom &amp; pravu trgova\u010dkih dru\u0161tava. S vi\u0161e od 11 godina iskustva u savjetovanju velikih hrvatskih i me\u0111unarodnih tvrtki u razli\u010ditim industrijama, Lara Ljubi\u010di\u0107 svojim klijentima nudi u\u010dinkovita pravna rje\u0161enja za rje\u0161avanje poslovnih problema i podr\u0161ku njihovim poslovnim ciljevima.Usluge Lara Ljubi\u010di\u0107 odvjetni\u010dkog ureda pokrivaju pitanja intelektualnog vlasni\u0161tva, pitanja [&hellip;]\" \/>\n<meta property=\"og:url\" content=\"https:\/\/lla.hr\/hr\/o-nama\/\" \/>\n<meta property=\"og:site_name\" content=\"Lara Ljubicic Attorney\" \/>\n<meta property=\"article:modified_time\" content=\"2024-06-11T12:02:57+00:00\" \/>\n<meta property=\"og:image\" content=\"https:\/\/lla.hr\/wp-content\/uploads\/2024\/05\/5e0b34d1c9a87c44396e29dc09142ec8.png\" \/>\n<meta name=\"twitter:card\" content=\"summary_large_image\" \/>\n<meta name=\"twitter:label1\" content=\"Procijenjeno vrijeme \u010ditanja\" \/>\n\t<meta name=\"twitter:data1\" content=\"2 minute\" \/>\n<script type=\"application\/ld+json\" class=\"yoast-schema-graph\">{\"@context\":\"https:\/\/schema.org\",\"@graph\":[{\"@type\":\"WebPage\",\"@id\":\"https:\/\/lla.hr\/hr\/o-nama\/\",\"url\":\"https:\/\/lla.hr\/hr\/o-nama\/\",\"name\":\"Lara Ljubi\u010di\u0107 - Lara Ljubicic Attorney\",\"isPartOf\":{\"@id\":\"https:\/\/lla.hr\/hr\/#website\"},\"primaryImageOfPage\":{\"@id\":\"https:\/\/lla.hr\/hr\/o-nama\/#primaryimage\"},\"image\":{\"@id\":\"https:\/\/lla.hr\/hr\/o-nama\/#primaryimage\"},\"thumbnailUrl\":\"https:\/\/lla.hr\/wp-content\/uploads\/2024\/05\/5e0b34d1c9a87c44396e29dc09142ec8.png\",\"datePublished\":\"2024-04-19T08:52:08+00:00\",\"dateModified\":\"2024-06-11T12:02:57+00:00\",\"breadcrumb\":{\"@id\":\"https:\/\/lla.hr\/hr\/o-nama\/#breadcrumb\"},\"inLanguage\":\"hr\",\"potentialAction\":[{\"@type\":\"ReadAction\",\"target\":[\"https:\/\/lla.hr\/hr\/o-nama\/\"]}]},{\"@type\":\"ImageObject\",\"inLanguage\":\"hr\",\"@id\":\"https:\/\/lla.hr\/hr\/o-nama\/#primaryimage\",\"url\":\"https:\/\/lla.hr\/wp-content\/uploads\/2024\/05\/5e0b34d1c9a87c44396e29dc09142ec8.png\",\"contentUrl\":\"https:\/\/lla.hr\/wp-content\/uploads\/2024\/05\/5e0b34d1c9a87c44396e29dc09142ec8.png\"},{\"@type\":\"BreadcrumbList\",\"@id\":\"https:\/\/lla.hr\/hr\/o-nama\/#breadcrumb\",\"itemListElement\":[{\"@type\":\"ListItem\",\"position\":1,\"name\":\"Home\",\"item\":\"https:\/\/lla.hr\/hr\/naslovnica\/\"},{\"@type\":\"ListItem\",\"position\":2,\"name\":\"Lara Ljubi\u010di\u0107\"}]},{\"@type\":\"WebSite\",\"@id\":\"https:\/\/lla.hr\/hr\/#website\",\"url\":\"https:\/\/lla.hr\/hr\/\",\"name\":\"Lara Ljubicic Attorney\",\"description\":\"\",\"publisher\":{\"@id\":\"https:\/\/lla.hr\/hr\/#organization\"},\"potentialAction\":[{\"@type\":\"SearchAction\",\"target\":{\"@type\":\"EntryPoint\",\"urlTemplate\":\"https:\/\/lla.hr\/hr\/?s={search_term_string}\"},\"query-input\":{\"@type\":\"PropertyValueSpecification\",\"valueRequired\":true,\"valueName\":\"search_term_string\"}}],\"inLanguage\":\"hr\"},{\"@type\":\"Organization\",\"@id\":\"https:\/\/lla.hr\/hr\/#organization\",\"name\":\"Lara Ljubicic Attorney\",\"url\":\"https:\/\/lla.hr\/hr\/\",\"logo\":{\"@type\":\"ImageObject\",\"inLanguage\":\"hr\",\"@id\":\"https:\/\/lla.hr\/hr\/#\/schema\/logo\/image\/\",\"url\":\"https:\/\/lla.hr\/wp-content\/uploads\/2024\/04\/Color-logo-with-background.svg\",\"contentUrl\":\"https:\/\/lla.hr\/wp-content\/uploads\/2024\/04\/Color-logo-with-background.svg\",\"width\":2910,\"height\":3342,\"caption\":\"Lara Ljubicic Attorney\"},\"image\":{\"@id\":\"https:\/\/lla.hr\/hr\/#\/schema\/logo\/image\/\"}}]}<\/script>\n<!-- \/ Yoast SEO plugin. -->","yoast_head_json":{"title":"Lara Ljubi\u010di\u0107 - Lara Ljubicic Attorney","robots":{"index":"index","follow":"follow","max-snippet":"max-snippet:-1","max-image-preview":"max-image-preview:large","max-video-preview":"max-video-preview:-1"},"canonical":"https:\/\/lla.hr\/hr\/o-nama\/","og_locale":"hr_HR","og_type":"article","og_title":"Lara Ljubi\u010di\u0107 - Lara Ljubicic Attorney","og_description":"Sveobuhvatne usluge u pravu industrijskog &amp; intelektualnog vlasni\u0161tva, trgova\u010dkom &amp; pravu trgova\u010dkih dru\u0161tava. S vi\u0161e od 11 godina iskustva u savjetovanju velikih hrvatskih i me\u0111unarodnih tvrtki u razli\u010ditim industrijama, Lara Ljubi\u010di\u0107 svojim klijentima nudi u\u010dinkovita pravna rje\u0161enja za rje\u0161avanje poslovnih problema i podr\u0161ku njihovim poslovnim ciljevima.Usluge Lara Ljubi\u010di\u0107 odvjetni\u010dkog ureda pokrivaju pitanja intelektualnog vlasni\u0161tva, pitanja [&hellip;]","og_url":"https:\/\/lla.hr\/hr\/o-nama\/","og_site_name":"Lara Ljubicic Attorney","article_modified_time":"2024-06-11T12:02:57+00:00","og_image":[{"url":"https:\/\/lla.hr\/wp-content\/uploads\/2024\/05\/5e0b34d1c9a87c44396e29dc09142ec8.png"}],"twitter_card":"summary_large_image","twitter_misc":{"Procijenjeno vrijeme \u010ditanja":"2 minute"},"schema":{"@context":"https:\/\/schema.org","@graph":[{"@type":"WebPage","@id":"https:\/\/lla.hr\/hr\/o-nama\/","url":"https:\/\/lla.hr\/hr\/o-nama\/","name":"Lara Ljubi\u010di\u0107 - Lara Ljubicic Attorney","isPartOf":{"@id":"https:\/\/lla.hr\/hr\/#website"},"primaryImageOfPage":{"@id":"https:\/\/lla.hr\/hr\/o-nama\/#primaryimage"},"image":{"@id":"https:\/\/lla.hr\/hr\/o-nama\/#primaryimage"},"thumbnailUrl":"https:\/\/lla.hr\/wp-content\/uploads\/2024\/05\/5e0b34d1c9a87c44396e29dc09142ec8.png","datePublished":"2024-04-19T08:52:08+00:00","dateModified":"2024-06-11T12:02:57+00:00","breadcrumb":{"@id":"https:\/\/lla.hr\/hr\/o-nama\/#breadcrumb"},"inLanguage":"hr","potentialAction":[{"@type":"ReadAction","target":["https:\/\/lla.hr\/hr\/o-nama\/"]}]},{"@type":"ImageObject","inLanguage":"hr","@id":"https:\/\/lla.hr\/hr\/o-nama\/#primaryimage","url":"https:\/\/lla.hr\/wp-content\/uploads\/2024\/05\/5e0b34d1c9a87c44396e29dc09142ec8.png","contentUrl":"https:\/\/lla.hr\/wp-content\/uploads\/2024\/05\/5e0b34d1c9a87c44396e29dc09142ec8.png"},{"@type":"BreadcrumbList","@id":"https:\/\/lla.hr\/hr\/o-nama\/#breadcrumb","itemListElement":[{"@type":"ListItem","position":1,"name":"Home","item":"https:\/\/lla.hr\/hr\/naslovnica\/"},{"@type":"ListItem","position":2,"name":"Lara Ljubi\u010di\u0107"}]},{"@type":"WebSite","@id":"https:\/\/lla.hr\/hr\/#website","url":"https:\/\/lla.hr\/hr\/","name":"Lara Ljubicic Attorney","description":"","publisher":{"@id":"https:\/\/lla.hr\/hr\/#organization"},"potentialAction":[{"@type":"SearchAction","target":{"@type":"EntryPoint","urlTemplate":"https:\/\/lla.hr\/hr\/?s={search_term_string}"},"query-input":{"@type":"PropertyValueSpecification","valueRequired":true,"valueName":"search_term_string"}}],"inLanguage":"hr"},{"@type":"Organization","@id":"https:\/\/lla.hr\/hr\/#organization","name":"Lara Ljubicic Attorney","url":"https:\/\/lla.hr\/hr\/","logo":{"@type":"ImageObject","inLanguage":"hr","@id":"https:\/\/lla.hr\/hr\/#\/schema\/logo\/image\/","url":"https:\/\/lla.hr\/wp-content\/uploads\/2024\/04\/Color-logo-with-background.svg","contentUrl":"https:\/\/lla.hr\/wp-content\/uploads\/2024\/04\/Color-logo-with-background.svg","width":2910,"height":3342,"caption":"Lara Ljubicic Attorney"},"image":{"@id":"https:\/\/lla.hr\/hr\/#\/schema\/logo\/image\/"}}]}},"_links":{"self":[{"href":"https:\/\/lla.hr\/hr\/wp-json\/wp\/v2\/pages\/851"}],"collection":[{"href":"https:\/\/lla.hr\/hr\/wp-json\/wp\/v2\/pages"}],"about":[{"href":"https:\/\/lla.hr\/hr\/wp-json\/wp\/v2\/types\/page"}],"author":[{"embeddable":true,"href":"https:\/\/lla.hr\/hr\/wp-json\/wp\/v2\/users\/1"}],"replies":[{"embeddable":true,"href":"https:\/\/lla.hr\/hr\/wp-json\/wp\/v2\/comments?post=851"}],"version-history":[{"count":11,"href":"https:\/\/lla.hr\/hr\/wp-json\/wp\/v2\/pages\/851\/revisions"}],"predecessor-version":[{"id":1179,"href":"https:\/\/lla.hr\/hr\/wp-json\/wp\/v2\/pages\/851\/revisions\/1179"}],"wp:attachment":[{"href":"https:\/\/lla.hr\/hr\/wp-json\/wp\/v2\/media?parent=851"}],"curies":[{"name":"wp","href":"https:\/\/api.w.org\/{rel}","templated":true}]}}